{"id":577,"date":"2006-01-23T15:43:19","date_gmt":"2006-01-23T14:43:19","guid":{"rendered":"http:\/\/bloggingtom.ch\/faq\/"},"modified":"2012-10-21T17:18:15","modified_gmt":"2012-10-21T16:18:15","slug":"faq","status":"publish","type":"page","link":"https:\/\/bloggingtom.ch\/blog\/faq\/","title":{"rendered":"Fragen und Antworten"},"content":{"rendered":"<p>Fragen zu diesem Blog gibt es immer wieder, nicht selten wiederholen sich die Fragen jedoch. Was liegt also n\u00e4her als die h\u00e4ufigen Fragen zentral auf dieser Seite zu beantworten. Sicherlich, die Liste ist noch nicht all zu gross, wird aber sicher im Laufe der Zeit wachsen&#8230;<\/p>\n<p><\/p>\n<p><strong>Fragen zum Thema Postings (Artikel)<\/strong><\/p>\n<ol>\n<li><a href=\"#lizenz\">Darf ich Deine Beitr\u00e4ge andernorts weiterverwenden?<\/a><\/li>\n<\/ol>\n<p><strong>Fragen zum Thema Kommentare und Ping- oder Trackbacks<\/strong><\/p>\n<ol>\n<li><a href=\"#kommentarurl\">Wieso muss ich beim Schreiben eines Kommentars eMail und URL angeben?<\/a><\/li>\n<li><a href=\"#kommentarloeschung\">Du hast meinen Kommentar gel\u00f6scht \/ ver\u00e4ndert<\/a><\/li>\n<li><a href=\"#trackbackloeschung\">Du hast meinem Ping-\/Trackback aus Deinem Blog gel\u00f6scht<\/a><\/li>\n<\/ol>\n<p><strong>Allgemeines<\/strong><\/p>\n<ol>\n<li><a href=\"#stoeckchen\">Wieso f\u00fchrst Du das Dir zugeworfene St\u00f6ckchen nicht weiter?<\/a><\/li>\n<li><a href=\"#rss\">Was ist RSS, Feeds und so ein Zeugs?<\/a><\/li>\n<li><a href=\"#kontakt\">Wie kann ich Dich kontaktieren?<\/a><\/li>\n<\/ol>\n<div class=\"googleseperator\"><\/div>\n<p>&nbsp;<br \/>\n<a name=\"lizenz\"><\/a><strong>Darf ich Deine Beitr\u00e4ge andernorts weiterverwenden?<\/strong><br \/>\nNein. Die Artikel in diesem Blog unterstehen dem Urheberrecht und sind nicht f\u00fcr eine Weiterverwendung, bspw. unter einer Creative-Commons-Lizenz (CC), freigegeben. W\u00e4hrend ich fr\u00fcher einmal ein solches CC-Modell gefahren bin, bin ich heute davon abgekommen. Der Grund daf\u00fcr liegt vor allem in der grossz\u00fcgigen Verwendung von Artikeln dieses Blogs auf anderen Webseiten, die sich auf CC beriefen. Das alles heisst aber nicht, dass man die Beitr\u00e4ge hier nicht zitieren d\u00fcrfte. Es geht vielmehr darum, dass ungefragte Abkupfern ganzer Artikel zu verhindern (und notfalls gerichtlich zu verfolgen).<\/p>\n<p>&nbsp;<\/p>\n<p><a name=\"kommentarurl\"><\/a><strong>Wieso muss ich beim Schreiben eines Kommentars eMail und URL angeben?<\/strong><br \/>\nGleich vorneweg: Die Eingabe einer URL ist auf diesem Blog nicht notwendig. Besitzt Du jedoch eine Homepage und gibst die URL an, kann sich der Leser ein Bild von Dir machen und Du erh\u00e4ltst vielleicht einige Besucher mehr auf Deiner Seite.<br \/>\nN\u00f6tig ist hingegen die Eingabe einer eMail-Adresse, diese wird allerdings nicht angezeigt. Deine eMail-Adresse ist somit nur mir zug\u00e4nglich und erlaubt mir, Dich im Falle von Fragen direkt zu kontaktieren. Es zeugt zumindest von H\u00f6flichkeit keine falsche eMail-Adresse anzugeben, denn \u00fcber Deine IP-Adresse, welche mitgeloggt wird, bist Du im Falle einer Strafanzeige sowieso r\u00fcckverfolgbar. Ich behalte mir ausserdem vor Deinen Kommentar zu l\u00f6schen, wenn ich aufgrund einer R\u00fcckfrage feststelle, dass die angegebene eMail-Adresse ung\u00fcltig ist.<\/p>\n<p>&nbsp;<br \/>\n<a name=\"kommentarloeschung\"><\/a><strong>Du hast meinen Kommentar gel\u00f6scht \/ ver\u00e4ndert<\/strong><br \/>\nDies ist mein pers\u00f6nliches Weblog, auf dem ich grunds\u00e4tzlich tue und lasse was ich will. Sollte ich Deinen Kommentar gel\u00f6scht haben, so hatte Dein Text nichts mit der Thematik des entsprechenden Posts zu tun, oder Du hast etwas beleidigendes oder gar strafrechtlich relevantes geschrieben. Ebenfalls gel\u00f6scht werden Kommentare (bzw. die URL des Autors), welche (mehr oder weniger) offensichtlich nur dem Zweck dienen, Backlinks zu sammeln. Dies betrifft vor allem Kommentatoren, die anstelle ihres Namens oder Pseudonyms suchmaschinenrelevante Keywords hinterlassen (z.B. &#8222;Free SMS&#8220;, &#8222;Wasserbetten&#8220; etc.).<\/p>\n<p>Es gibt aber auch F\u00e4lle, in denen ich nicht den ganzen Kommentar, sondern nur Passagen darin l\u00f6sche. Auch dies geschieht normalerweise nur aus obengenannten Gr\u00fcnden, wird aber immer am Ende des Kommentars entsprechend kommuniziert. Allgemein gelten auch bei Kommentaren die Verhaltensregeln Anstand und Fairness, wie in der anderen (Internet-) Kommunikation auch.<\/p>\n<p>&nbsp;<br \/>\n<a name=\"trackbackloeschung\"><\/a><strong>Du hast meinen Ping-\/Trackback aus Deinem Blog gel\u00f6scht<\/strong><br \/>\nWichtig zu wissen ist, dass ich Ping-\/Trackbacks kommentarlos l\u00f6sche, wenn auf der angegebenen Seite kein Bezug auf meinen Post genommen wird. Wird mein Blog im Posting nicht erw\u00e4hnt, verschwindet Dein Ping-\/Trackback ziemlich schnell wieder aus den Kommentaren. Besser schickst Du ohne Erw\u00e4hnung meines Blogs schon gar keinen Ping- oder Trackback, das erspart Dir, aber vor allem mir etwas Arbeit.<\/p>\n<p>&nbsp;<\/p>\n<p><a name=\"stoeckchen\"><\/a><strong>Wieso f\u00fchrst Du das Dir zugeworfene St\u00f6ckchen nicht weiter?<\/strong><br \/>\nTja, diese St\u00f6ckchen kommen und gehen, aber irgendwie habe ich selten Lust auf die Beantwortung solcher Fragen. Nicht dass ich noch nie solche &#8222;Kettenfragen&#8220; beantwortet h\u00e4tte, das habe ich <a href=\"http:\/\/bloggingtom.ch\/archives\/2005\/05\/31\/vorsicht-stockchen\/\" target=\"_top\" >durchaus<\/a> <a href=\"http:\/\/bloggingtom.ch\/archives\/2006\/01\/30\/vier-dinge-in-meinem-leben\/\" target=\"_top\" >schon<\/a> <a href=\"http:\/\/bloggingtom.ch\/archives\/2006\/03\/08\/koffer-packen-fur-sandra-lia\/\" target=\"_top\" >getan<\/a>. Aber genau so, wie ich in anderen Blogs die St\u00f6ckchen-Geschichten meist \u00fcberlese, nehme ich an, reagieren auch die Leser hier. Und aus diesem Grunde erkl\u00e4re ich dieses Blog ab sofort f\u00fcr St\u00f6ckchenfrei. Wer mir also St\u00f6ckchen zuwirft, darf sich nicht wundern, wenn diese an mir vorbeifliegen&#8230;<br \/>\n<br \/>&nbsp;<\/p>\n<p><a name=\"rss\"><\/a><strong>Was ist RSS, Feeds und so ein Zeugs?<\/strong><br \/>\nDazu kriegst Du <a href=\"http:\/\/bloggingtom.ch\/was-ist-rss\/\" target=\"_top\" >hier<\/a> ausf\u00fchrliche Informationen.<br \/>\n<br \/>&nbsp;<\/p>\n<p><a name=\"kontakt\"><\/a><strong>Wie kann ich Dich kontaktieren?<\/strong><br \/>\nDu k\u00f6nntest zum Beispiel das <a href=\"http:\/\/bloggingtom.ch\/kontakt\/\" target=\"_top\" >Kontaktformular<\/a> benutzen. Oder mir auch direkt ein eMail schicken. Meine Mailadresse lautet: bloggingtom [at] gmail [dot] com.<\/p>\n<p>&nbsp;<\/p>\n","protected":false},"excerpt":{"rendered":"<p>Fragen zu diesem Blog gibt es immer wieder, nicht selten wiederholen sich die Fragen jedoch. Was liegt also n\u00e4her als die h\u00e4ufigen Fragen zentral auf dieser Seite zu beantworten. Sicherlich, die Liste ist noch nicht all zu gross, wird aber sicher im Laufe der Zeit wachsen&#8230; Fragen zum Thema Postings (Artikel) Darf ich Deine Beitr\u00e4ge [&hellip;]<\/p>\n","protected":false},"author":1,"featured_media":0,"parent":0,"menu_order":0,"comment_status":"closed","ping_status":"closed","template":"","meta":{"twitterCardType":"","cardImageID":0,"cardImage":"","cardTitle":"","cardDesc":"","cardImageAlt":"","cardPlayer":"","cardPlayerWidth":0,"cardPlayerHeight":0,"cardPlayerStream":"","cardPlayerCodec":"","footnotes":""},"class_list":["post-577","page","type-page","status-publish","hentry"],"yoast_head":"<!-- This site is optimized with the Yoast SEO plugin v27.1.1 - https:\/\/yoast.com\/product\/yoast-seo-wordpress\/ -->\n<title>Fragen und Antworten - BloggingTom<\/title>\n<meta name=\"robots\" content=\"index, follow, max-snippet:-1, max-image-preview:large, max-video-preview:-1\" \/>\n<link rel=\"canonical\" href=\"https:\/\/bloggingtom.ch\/blog\/faq\/\" \/>\n<meta name=\"twitter:label1\" content=\"Gesch\u00e4tzte Lesezeit\" \/>\n\t<meta name=\"twitter:data1\" content=\"4\u00a0Minuten\" \/>\n<script type=\"application\/ld+json\" class=\"yoast-schema-graph\">{\"@context\":\"https:\/\/schema.org\",\"@graph\":[{\"@type\":\"WebPage\",\"@id\":\"https:\/\/bloggingtom.ch\/blog\/faq\/\",\"url\":\"https:\/\/bloggingtom.ch\/blog\/faq\/\",\"name\":\"Fragen und Antworten - BloggingTom\",\"isPartOf\":{\"@id\":\"https:\/\/bloggingtom.ch\/blog\/#website\"},\"datePublished\":\"2006-01-23T14:43:19+00:00\",\"dateModified\":\"2012-10-21T16:18:15+00:00\",\"breadcrumb\":{\"@id\":\"https:\/\/bloggingtom.ch\/blog\/faq\/#breadcrumb\"},\"inLanguage\":\"de\",\"potentialAction\":[{\"@type\":\"ReadAction\",\"target\":[\"https:\/\/bloggingtom.ch\/blog\/faq\/\"]}]},{\"@type\":\"BreadcrumbList\",\"@id\":\"https:\/\/bloggingtom.ch\/blog\/faq\/#breadcrumb\",\"itemListElement\":[{\"@type\":\"ListItem\",\"position\":1,\"name\":\"Home\",\"item\":\"https:\/\/bloggingtom.ch\/blog\/\"},{\"@type\":\"ListItem\",\"position\":2,\"name\":\"Fragen und Antworten\"}]},{\"@type\":\"WebSite\",\"@id\":\"https:\/\/bloggingtom.ch\/blog\/#website\",\"url\":\"https:\/\/bloggingtom.ch\/blog\/\",\"name\":\"BloggingTom\",\"description\":\"Die t\u00e4glichen Abenteuer im Cyberspace...\",\"publisher\":{\"@id\":\"https:\/\/bloggingtom.ch\/blog\/#\/schema\/person\/f6c8d3d5f30c10217b69ac72723e9d1c\"},\"potentialAction\":[{\"@type\":\"SearchAction\",\"target\":{\"@type\":\"EntryPoint\",\"urlTemplate\":\"https:\/\/bloggingtom.ch\/blog\/?s={search_term_string}\"},\"query-input\":{\"@type\":\"PropertyValueSpecification\",\"valueRequired\":true,\"valueName\":\"search_term_string\"}}],\"inLanguage\":\"de\"},{\"@type\":[\"Person\",\"Organization\"],\"@id\":\"https:\/\/bloggingtom.ch\/blog\/#\/schema\/person\/f6c8d3d5f30c10217b69ac72723e9d1c\",\"name\":\"BloggingTom\",\"image\":{\"@type\":\"ImageObject\",\"inLanguage\":\"de\",\"@id\":\"https:\/\/bloggingtom.ch\/blog\/#\/schema\/person\/image\/\",\"url\":\"https:\/\/secure.gravatar.com\/avatar\/17c2b6a2966fc102465cf177587d359e4dac41adfaab355352baee5d5d46f277?s=96&d=mm&r=g\",\"contentUrl\":\"https:\/\/secure.gravatar.com\/avatar\/17c2b6a2966fc102465cf177587d359e4dac41adfaab355352baee5d5d46f277?s=96&d=mm&r=g\",\"caption\":\"BloggingTom\"},\"logo\":{\"@id\":\"https:\/\/bloggingtom.ch\/blog\/#\/schema\/person\/image\/\"},\"sameAs\":[\"http:\/\/bloggingtom.ch\"]}]}<\/script>\n<!-- \/ Yoast SEO plugin. -->","yoast_head_json":{"title":"Fragen und Antworten - BloggingTom","robots":{"index":"index","follow":"follow","max-snippet":"max-snippet:-1","max-image-preview":"max-image-preview:large","max-video-preview":"max-video-preview:-1"},"canonical":"https:\/\/bloggingtom.ch\/blog\/faq\/","twitter_misc":{"Gesch\u00e4tzte Lesezeit":"4\u00a0Minuten"},"schema":{"@context":"https:\/\/schema.org","@graph":[{"@type":"WebPage","@id":"https:\/\/bloggingtom.ch\/blog\/faq\/","url":"https:\/\/bloggingtom.ch\/blog\/faq\/","name":"Fragen und Antworten - BloggingTom","isPartOf":{"@id":"https:\/\/bloggingtom.ch\/blog\/#website"},"datePublished":"2006-01-23T14:43:19+00:00","dateModified":"2012-10-21T16:18:15+00:00","breadcrumb":{"@id":"https:\/\/bloggingtom.ch\/blog\/faq\/#breadcrumb"},"inLanguage":"de","potentialAction":[{"@type":"ReadAction","target":["https:\/\/bloggingtom.ch\/blog\/faq\/"]}]},{"@type":"BreadcrumbList","@id":"https:\/\/bloggingtom.ch\/blog\/faq\/#breadcrumb","itemListElement":[{"@type":"ListItem","position":1,"name":"Home","item":"https:\/\/bloggingtom.ch\/blog\/"},{"@type":"ListItem","position":2,"name":"Fragen und Antworten"}]},{"@type":"WebSite","@id":"https:\/\/bloggingtom.ch\/blog\/#website","url":"https:\/\/bloggingtom.ch\/blog\/","name":"BloggingTom","description":"Die t\u00e4glichen Abenteuer im Cyberspace...","publisher":{"@id":"https:\/\/bloggingtom.ch\/blog\/#\/schema\/person\/f6c8d3d5f30c10217b69ac72723e9d1c"},"potentialAction":[{"@type":"SearchAction","target":{"@type":"EntryPoint","urlTemplate":"https:\/\/bloggingtom.ch\/blog\/?s={search_term_string}"},"query-input":{"@type":"PropertyValueSpecification","valueRequired":true,"valueName":"search_term_string"}}],"inLanguage":"de"},{"@type":["Person","Organization"],"@id":"https:\/\/bloggingtom.ch\/blog\/#\/schema\/person\/f6c8d3d5f30c10217b69ac72723e9d1c","name":"BloggingTom","image":{"@type":"ImageObject","inLanguage":"de","@id":"https:\/\/bloggingtom.ch\/blog\/#\/schema\/person\/image\/","url":"https:\/\/secure.gravatar.com\/avatar\/17c2b6a2966fc102465cf177587d359e4dac41adfaab355352baee5d5d46f277?s=96&d=mm&r=g","contentUrl":"https:\/\/secure.gravatar.com\/avatar\/17c2b6a2966fc102465cf177587d359e4dac41adfaab355352baee5d5d46f277?s=96&d=mm&r=g","caption":"BloggingTom"},"logo":{"@id":"https:\/\/bloggingtom.ch\/blog\/#\/schema\/person\/image\/"},"sameAs":["http:\/\/bloggingtom.ch"]}]}},"jetpack_shortlink":"https:\/\/wp.me\/Pa6Ev-9j","jetpack_likes_enabled":true,"jetpack_sharing_enabled":true,"_links":{"self":[{"href":"https:\/\/bloggingtom.ch\/blog\/wp-json\/wp\/v2\/pages\/577","targetHints":{"allow":["GET"]}}],"collection":[{"href":"https:\/\/bloggingtom.ch\/blog\/wp-json\/wp\/v2\/pages"}],"about":[{"href":"https:\/\/bloggingtom.ch\/blog\/wp-json\/wp\/v2\/types\/page"}],"author":[{"embeddable":true,"href":"https:\/\/bloggingtom.ch\/blog\/wp-json\/wp\/v2\/users\/1"}],"replies":[{"embeddable":true,"href":"https:\/\/bloggingtom.ch\/blog\/wp-json\/wp\/v2\/comments?post=577"}],"version-history":[{"count":2,"href":"https:\/\/bloggingtom.ch\/blog\/wp-json\/wp\/v2\/pages\/577\/revisions"}],"predecessor-version":[{"id":3404,"href":"https:\/\/bloggingtom.ch\/blog\/wp-json\/wp\/v2\/pages\/577\/revisions\/3404"}],"wp:attachment":[{"href":"https:\/\/bloggingtom.ch\/blog\/wp-json\/wp\/v2\/media?parent=577"}],"curies":[{"name":"wp","href":"https:\/\/api.w.org\/{rel}","templated":true}]}}