{"id":56,"date":"2005-03-30T16:16:52","date_gmt":"2005-03-30T14:16:52","guid":{"rendered":"http:\/\/\u00dcbermichAlsselbst\u00e4ndigerInformatikerbefasseichmichberuflichvorallemmitderweltweitenRegistrierungvonDomainnamensowiederenErneuerungen.VereinfachtgesagtverwalteichDomainportfoliosdiverserFirmen,undbinsomit"},"modified":"2023-05-23T18:14:55","modified_gmt":"2023-05-23T16:14:55","slug":"impressum","status":"publish","type":"page","link":"https:\/\/bloggingtom.ch\/blog\/impressum\/","title":{"rendered":"Impressum &#038; Copyright"},"content":{"rendered":"<p><strong>\u00dcber mich<\/strong><\/p>\n<p>F\u00fcr Fragen, Linktipps, Anregungen und Kritik bin ich via eMail (tom [@] bloggingtom [.] ch) zu erreichen.<\/p>\n<p>Postalisch bin ich unter folgender Adresse erreichbar:<br \/>\nbloggingtom.ch<br \/>\nTom Br\u00fchwiler<br \/>\nZelgacherstrasse 3<br \/>\nCH-8340 Hinwil<br \/>\nSchweiz<\/p>\n<p>Mehr von mir gibts unter folgenden URLs:<br \/>\n<a href=\"http:\/\/travelblogger.ch\/\" target=\"_blank\" rel=\"noopener noreferrer\">Travelblogger<\/a><br \/>\n<a href=\"http:\/\/www.twitter.com\/bloggingtom\" target=\"_blank\" rel=\"noopener noreferrer\">BloggingTom bei Twitter<\/a><br \/>\n<a href=\"https:\/\/www.facebook.com\/tom.bruehwiler\" target=\"_blank\" rel=\"noopener noreferrer\">Facebook<\/a><\/p>\n<p><strong>Copyright<\/strong><\/p>\n<p>\u00a9 Copyright 2005 &#8211; 2023 by BloggingTom. Alle Rechte vorbehalten.<\/p>\n<p>Alle Texte, Bilder, Grafiken, Ton-, Video- und Animationsdateien sowie ihre Anordnung unterliegen dem Urheberrecht und anderen Gesetzen zum Schutz geistigen Eigentums. Sie d\u00fcrfen weder f\u00fcr Handelszwecke oder zur Weitergabe kopiert, noch ver\u00e4ndert und auf anderen Web-Sites verwendet werden. Die auf diesen Webseiten enthaltenen Informationen k\u00f6nnen dem Urheberrecht Dritter unterliegen.<\/p>\n<p>Die in diesem privaten Blog gemachten Aussagen entsprechen der Meinung des Autoren und k\u00f6nnen somit von Aussagen offizieller Quellen abweichen. F\u00fcr die Inhalte von Gastbeitr\u00e4gen, Kommentaren und Trackbacks sind die jeweiligen Autoren verantwortlich. Alle diese Beitr\u00e4ge werden gepr\u00fcft und ggf. nicht bzw. nur nach R\u00fccksprache ver\u00f6ffentlicht.<\/p>\n<p>Alle Warenzeichen die auf diesen Seiten genannt werden sind Warenzeichen oder registrierte Warenzeichen ihrer respektiven Eigent\u00fcmer.<\/p>\n<p>Diese Seiten enthalten Links zu Websites von Dritten. F\u00fcr deren Inhalt, den darauf angebotenen Produkten, Dienstleistungen oder sonstigen Angeboten sowie f\u00fcr die Einhaltung von Datenschutzbestimmungen kann ich keine Verantwortung \u00fcbernehmen. Das Klicken eines Links erfolgt auf eigene Verantwortung.<\/p>\n<p>Informationen zu den Datenschutzbestimmungen dieses Blogs finden Sie in der <a href=\"http:\/\/bloggingtom.ch\/blog\/datenschutz\/\" target=\"_top\" rel=\"noopener noreferrer\">Datenschutzerkl\u00e4rung<\/a>.<\/p>\n","protected":false},"excerpt":{"rendered":"<p>\u00dcber mich F\u00fcr Fragen, Linktipps, Anregungen und Kritik bin ich via eMail (tom [@] bloggingtom [.] ch) zu erreichen. Postalisch bin ich unter folgender Adresse erreichbar: bloggingtom.ch Tom Br\u00fchwiler Zelgacherstrasse 3 CH-8340 Hinwil Schweiz Mehr von mir gibts unter folgenden URLs: Travelblogger BloggingTom bei Twitter Facebook Copyright \u00a9 Copyright 2005 &#8211; 2023 by BloggingTom. Alle [&hellip;]<\/p>\n","protected":false},"author":1,"featured_media":0,"parent":0,"menu_order":0,"comment_status":"closed","ping_status":"closed","template":"","meta":{"twitterCardType":"","cardImageID":0,"cardImage":"","cardTitle":"","cardDesc":"","cardImageAlt":"","cardPlayer":"","cardPlayerWidth":0,"cardPlayerHeight":0,"cardPlayerStream":"","cardPlayerCodec":"","footnotes":""},"class_list":["post-56","page","type-page","status-publish","hentry"],"yoast_head":"<!-- This site is optimized with the Yoast SEO plugin v27.1.1 - https:\/\/yoast.com\/product\/yoast-seo-wordpress\/ -->\n<title>Impressum &amp; Copyright - BloggingTom<\/title>\n<meta name=\"robots\" content=\"index, follow, max-snippet:-1, max-image-preview:large, max-video-preview:-1\" \/>\n<link rel=\"canonical\" href=\"https:\/\/bloggingtom.ch\/blog\/impressum\/\" \/>\n<meta name=\"twitter:label1\" content=\"Gesch\u00e4tzte Lesezeit\" \/>\n\t<meta name=\"twitter:data1\" content=\"2\u00a0Minuten\" \/>\n<script type=\"application\/ld+json\" class=\"yoast-schema-graph\">{\"@context\":\"https:\/\/schema.org\",\"@graph\":[{\"@type\":\"WebPage\",\"@id\":\"https:\/\/bloggingtom.ch\/blog\/impressum\/\",\"url\":\"https:\/\/bloggingtom.ch\/blog\/impressum\/\",\"name\":\"Impressum & Copyright - BloggingTom\",\"isPartOf\":{\"@id\":\"https:\/\/bloggingtom.ch\/blog\/#website\"},\"datePublished\":\"2005-03-30T14:16:52+00:00\",\"dateModified\":\"2023-05-23T16:14:55+00:00\",\"breadcrumb\":{\"@id\":\"https:\/\/bloggingtom.ch\/blog\/impressum\/#breadcrumb\"},\"inLanguage\":\"de\",\"potentialAction\":[{\"@type\":\"ReadAction\",\"target\":[\"https:\/\/bloggingtom.ch\/blog\/impressum\/\"]}]},{\"@type\":\"BreadcrumbList\",\"@id\":\"https:\/\/bloggingtom.ch\/blog\/impressum\/#breadcrumb\",\"itemListElement\":[{\"@type\":\"ListItem\",\"position\":1,\"name\":\"Home\",\"item\":\"https:\/\/bloggingtom.ch\/blog\/\"},{\"@type\":\"ListItem\",\"position\":2,\"name\":\"Impressum &#038; Copyright\"}]},{\"@type\":\"WebSite\",\"@id\":\"https:\/\/bloggingtom.ch\/blog\/#website\",\"url\":\"https:\/\/bloggingtom.ch\/blog\/\",\"name\":\"BloggingTom\",\"description\":\"Die t\u00e4glichen Abenteuer im Cyberspace...\",\"publisher\":{\"@id\":\"https:\/\/bloggingtom.ch\/blog\/#\/schema\/person\/f6c8d3d5f30c10217b69ac72723e9d1c\"},\"potentialAction\":[{\"@type\":\"SearchAction\",\"target\":{\"@type\":\"EntryPoint\",\"urlTemplate\":\"https:\/\/bloggingtom.ch\/blog\/?s={search_term_string}\"},\"query-input\":{\"@type\":\"PropertyValueSpecification\",\"valueRequired\":true,\"valueName\":\"search_term_string\"}}],\"inLanguage\":\"de\"},{\"@type\":[\"Person\",\"Organization\"],\"@id\":\"https:\/\/bloggingtom.ch\/blog\/#\/schema\/person\/f6c8d3d5f30c10217b69ac72723e9d1c\",\"name\":\"BloggingTom\",\"image\":{\"@type\":\"ImageObject\",\"inLanguage\":\"de\",\"@id\":\"https:\/\/bloggingtom.ch\/blog\/#\/schema\/person\/image\/\",\"url\":\"https:\/\/secure.gravatar.com\/avatar\/17c2b6a2966fc102465cf177587d359e4dac41adfaab355352baee5d5d46f277?s=96&d=mm&r=g\",\"contentUrl\":\"https:\/\/secure.gravatar.com\/avatar\/17c2b6a2966fc102465cf177587d359e4dac41adfaab355352baee5d5d46f277?s=96&d=mm&r=g\",\"caption\":\"BloggingTom\"},\"logo\":{\"@id\":\"https:\/\/bloggingtom.ch\/blog\/#\/schema\/person\/image\/\"},\"sameAs\":[\"http:\/\/bloggingtom.ch\"]}]}<\/script>\n<!-- \/ Yoast SEO plugin. -->","yoast_head_json":{"title":"Impressum & Copyright - BloggingTom","robots":{"index":"index","follow":"follow","max-snippet":"max-snippet:-1","max-image-preview":"max-image-preview:large","max-video-preview":"max-video-preview:-1"},"canonical":"https:\/\/bloggingtom.ch\/blog\/impressum\/","twitter_misc":{"Gesch\u00e4tzte Lesezeit":"2\u00a0Minuten"},"schema":{"@context":"https:\/\/schema.org","@graph":[{"@type":"WebPage","@id":"https:\/\/bloggingtom.ch\/blog\/impressum\/","url":"https:\/\/bloggingtom.ch\/blog\/impressum\/","name":"Impressum & Copyright - BloggingTom","isPartOf":{"@id":"https:\/\/bloggingtom.ch\/blog\/#website"},"datePublished":"2005-03-30T14:16:52+00:00","dateModified":"2023-05-23T16:14:55+00:00","breadcrumb":{"@id":"https:\/\/bloggingtom.ch\/blog\/impressum\/#breadcrumb"},"inLanguage":"de","potentialAction":[{"@type":"ReadAction","target":["https:\/\/bloggingtom.ch\/blog\/impressum\/"]}]},{"@type":"BreadcrumbList","@id":"https:\/\/bloggingtom.ch\/blog\/impressum\/#breadcrumb","itemListElement":[{"@type":"ListItem","position":1,"name":"Home","item":"https:\/\/bloggingtom.ch\/blog\/"},{"@type":"ListItem","position":2,"name":"Impressum &#038; Copyright"}]},{"@type":"WebSite","@id":"https:\/\/bloggingtom.ch\/blog\/#website","url":"https:\/\/bloggingtom.ch\/blog\/","name":"BloggingTom","description":"Die t\u00e4glichen Abenteuer im Cyberspace...","publisher":{"@id":"https:\/\/bloggingtom.ch\/blog\/#\/schema\/person\/f6c8d3d5f30c10217b69ac72723e9d1c"},"potentialAction":[{"@type":"SearchAction","target":{"@type":"EntryPoint","urlTemplate":"https:\/\/bloggingtom.ch\/blog\/?s={search_term_string}"},"query-input":{"@type":"PropertyValueSpecification","valueRequired":true,"valueName":"search_term_string"}}],"inLanguage":"de"},{"@type":["Person","Organization"],"@id":"https:\/\/bloggingtom.ch\/blog\/#\/schema\/person\/f6c8d3d5f30c10217b69ac72723e9d1c","name":"BloggingTom","image":{"@type":"ImageObject","inLanguage":"de","@id":"https:\/\/bloggingtom.ch\/blog\/#\/schema\/person\/image\/","url":"https:\/\/secure.gravatar.com\/avatar\/17c2b6a2966fc102465cf177587d359e4dac41adfaab355352baee5d5d46f277?s=96&d=mm&r=g","contentUrl":"https:\/\/secure.gravatar.com\/avatar\/17c2b6a2966fc102465cf177587d359e4dac41adfaab355352baee5d5d46f277?s=96&d=mm&r=g","caption":"BloggingTom"},"logo":{"@id":"https:\/\/bloggingtom.ch\/blog\/#\/schema\/person\/image\/"},"sameAs":["http:\/\/bloggingtom.ch"]}]}},"jetpack_shortlink":"https:\/\/wp.me\/Pa6Ev-U","jetpack_likes_enabled":true,"jetpack_sharing_enabled":true,"_links":{"self":[{"href":"https:\/\/bloggingtom.ch\/blog\/wp-json\/wp\/v2\/pages\/56","targetHints":{"allow":["GET"]}}],"collection":[{"href":"https:\/\/bloggingtom.ch\/blog\/wp-json\/wp\/v2\/pages"}],"about":[{"href":"https:\/\/bloggingtom.ch\/blog\/wp-json\/wp\/v2\/types\/page"}],"author":[{"embeddable":true,"href":"https:\/\/bloggingtom.ch\/blog\/wp-json\/wp\/v2\/users\/1"}],"replies":[{"embeddable":true,"href":"https:\/\/bloggingtom.ch\/blog\/wp-json\/wp\/v2\/comments?post=56"}],"version-history":[{"count":11,"href":"https:\/\/bloggingtom.ch\/blog\/wp-json\/wp\/v2\/pages\/56\/revisions"}],"predecessor-version":[{"id":3883,"href":"https:\/\/bloggingtom.ch\/blog\/wp-json\/wp\/v2\/pages\/56\/revisions\/3883"}],"wp:attachment":[{"href":"https:\/\/bloggingtom.ch\/blog\/wp-json\/wp\/v2\/media?parent=56"}],"curies":[{"name":"wp","href":"https:\/\/api.w.org\/{rel}","templated":true}]}}