{"id":1649,"date":"2007-11-10T23:26:02","date_gmt":"2007-11-10T22:26:02","guid":{"rendered":"http:\/\/bloggingtom.ch\/datenschutz\/"},"modified":"2011-02-05T00:23:08","modified_gmt":"2011-02-04T23:23:08","slug":"datenschutz","status":"publish","type":"page","link":"https:\/\/bloggingtom.ch\/blog\/datenschutz\/","title":{"rendered":"Datenschutzerkl\u00e4rung"},"content":{"rendered":"<p><strong>Datenschutzerkl\u00e4rung<\/strong><\/p>\n<p>Der Schutz Ihrer Privatsph\u00e4re ist mir ein wichtiges Anliegen. Bitte beachten Sie die folgenden Punkte der nachfolgenden Datenschutzerkl\u00e4rung (Privacy Policy).<\/p>\n<p><strong>Verwendung von Informationen<\/strong><\/p>\n<p>Sie k\u00f6nnen grunds\u00e4tzlich meine Webseiten besuchen, ohne dass Sie Angaben zu Ihrer Person machen m\u00fcssen. Einzig unpers\u00f6nliche Nutzungsdaten wie Ihre IP-Adresse, die zuletzt besuchte Seite, der verwendete Browser, Datum, Uhrzeit etc. werden zwecks Erkennung von Trends und zur Verbesserung meines Online-Angebotes anonymisiert und intern ausgewertet. Daraus werden keine R\u00fcckschl\u00fcsse auf Ihre Person gezogen.<\/p>\n<p>F\u00fcr das Hinterlassen von Kommentaren m\u00fcssen Name und eMail-Adresse zwingend hinterlassen werden.<\/p>\n<p><strong>Keine Weitergabe von Informationen<\/strong><\/p>\n<p>Ihre obengenannte Daten werden weder verkauft noch mit Dritten geteilt. Ausnahmen: Externe Dienstleister, die in meinem Auftrag die hierf\u00fcr zwingend notwendigen Daten verarbeiten. Es handelt sich hierbei im Speziellen um folgende Dienstleister:<\/p>\n<ul>\n<li>Google Inc. (Google AdSense, kontextbasierte Werbung sowie Google Analytics, Zugriffsstatistiken)<\/li>\n<li>Tradedoubler (Werbebanner)<\/li>\n<li>Zanox (Werbebanner)<\/li>\n<\/ul>\n<p><small>(Stand: 5.2.2011)<\/small><\/p>\n<p>Es ist gem\u00e4ss den Privacy Policies der genannten Anbieter gew\u00e4hrleistet, dass diese die Anforderungen des Datenschutzes und der Datensicherheit einhalten.<\/p>\n<p>Bitte beachten Sie auch die zus\u00e4tzlichen <a href=\"http:\/\/www.google.com\/analytics\/de-DE\/tos.html\" target=\"_blank\" >Nutzungsbedingungen von Google<\/a>, welche durch den Einsatz von Google Analytics auf dieser Website entstehen:<\/p>\n<p><em>\u201eDiese Website benutzt Google Analytics, einen Webanalysedienst der Google Inc. (\u201eGoogle\u201c) Google Analytics verwendet sog. \u201eCookies\u201c, Textdateien, die auf Ihrem Computer gespeichert werden und die eine Analyse der Benutzung der Website durch Sie erm\u00f6glicht. Die durch den Cookie erzeugten Informationen \u00fcber Ihre Benutzung diese Website (einschlie\u00dflich Ihrer IP-Adresse) wird an einen Server von Google in den USA \u00fcbertragen und dort gespeichert. Google wird diese Informationen benutzen, um Ihre Nutzung der Website auszuwerten, um Reports \u00fcber die Websiteaktivit\u00e4ten f\u00fcr die Websitebetreiber zusammenzustellen und um weitere mit der Websitenutzung und der Internetnutzung verbundene Dienstleistungen zu erbringen. Auch wird Google diese Informationen gegebenenfalls an Dritte \u00fcbertragen, sofern dies gesetzlich vorgeschrieben oder soweit Dritte diese Daten im Auftrag von Google verarbeiten. Google wird in keinem Fall Ihre IP-Adresse mit anderen Daten der Google in Verbindung bringen. Sie k\u00f6nnen die Installation der Cookies durch eine entsprechende Einstellung Ihrer Browser Software verhindern; wir weisen Sie jedoch darauf hin, dass Sie in diesem Fall gegebenenfalls nicht s\u00e4mtliche Funktionen dieser Website voll umf\u00e4nglich nutzen k\u00f6nnen. Durch die Nutzung dieser Website erkl\u00e4ren Sie sich mit der Bearbeitung der \u00fcber Sie erhobenen Daten durch Google in der zuvor beschriebenen Art und Weise und zu dem zuvor benannten Zweck einverstanden.\u201c<\/em><\/p>\n<p>Bitte beachten Sie auch die zus\u00e4tzlichen <a href=\"http:\/\/www.doubleclick.com\/privacy\/faq.aspx\" target=\"_blank\" >Bestimmungen<\/a>, welche durch den Einsatz von Google AdSense auf dieser Website entstehen:<\/p>\n<p><em><\/p>\n<ul>\n<li>Als Drittanbieter verwendet Google Cookies zur Anzeigenschaltung auf Ihrer Website.<\/li>\n<li>Durch Verwendung des DART-Cookies wird die Anzeigenschaltung anhand der Besuche der Nutzer auf Ihren Websites und anderen Websites im Internet f\u00fcr Google erm\u00f6glicht.<\/li>\n<li>Nutzer k\u00f6nnen die Verwendung des DART-Cookies deaktivieren, indem sie die <a href=\"http:\/\/www.google.de\/privacy_ads.html\" target=\"_blank\">Datenschutzbestimmungen des Werbenetzwerks und Content-Werbenetzwerks von Google<\/a> aufrufen.<\/li>\n<\/ul>\n<p><\/em><\/p>\n<p><strong>Cookies<\/strong><\/p>\n<p>In bestimmten F\u00e4llen werden so genannte Cookies eingesetzt. Sie k\u00f6nnen Ihren Browser so einstellen, dass vor dem Speichern eines Cookies eine Warnung am Bildschirm erscheint. Sie k\u00f6nnen auch auf die Vorteile von pers\u00f6nlichen Cookies verzichten. Bestimmte Dienstleistungen k\u00f6nnen in diesem Fall nicht genutzt werden.<\/p>\n<p><strong>Newsletter<\/strong><\/p>\n<p>Sie erhalten den Newsletter von bloggingtom.ch nur mit Ihrem Einverst\u00e4ndnis. Sie k\u00f6nnen sich jederzeit vom Empfang weiterer Mitteilungen ausschliessen lassen.<\/p>\n<p><strong>Aufbewahrung und Sicherung Ihrer Daten<\/strong><\/p>\n<p>bloggingtom.ch ergreift angemessene Vorsichtsmassnahmen und setzt entsprechende Technologie ein, um Ihre Daten zu sch\u00fctzen. Sie bleiben nur so lange aufbewahrt, wie es im Hinblick auf den Zweck erforderlich ist. In der Regel werden sie jedoch nach 12 Monaten gel\u00f6scht.<\/p>\n<p><strong>Fragen zum Datenschutz<\/strong><\/p>\n<p>Richten Sie Ihre allf\u00e4lligen Fragen, Korrektur- oder L\u00f6schungsbegehren bitte <a href=\"http:\/\/bloggingtom.ch\/kontakt\/\" target=\"_top\" >via Kontaktformular direkt an mich<\/a>.<\/p>\n<p><strong>\u00c4nderungen dieser Datenschutzerkl\u00e4rung<\/strong><\/p>\n<p>\u00c4nderungen dieser Datenschutzerkl\u00e4rung k\u00f6nnen jederzeit erfolgen. Bitte konsultieren Sie regelm\u00e4ssig diese Erkl\u00e4rung.<\/p>\n<p><strong>Rechtsgrundlage<\/strong><\/p>\n<p>Das <a href=\"http:\/\/www.admin.ch\/ch\/d\/sr\/c235_1.html\" target=\"_blank\" >Bundesgesetz \u00fcber den Datenschutz (DSG)<\/a> bildet die Grundlage dieser Datenschutzerkl\u00e4rung.<\/p>\n","protected":false},"excerpt":{"rendered":"<p>Datenschutzerkl\u00e4rung Der Schutz Ihrer Privatsph\u00e4re ist mir ein wichtiges Anliegen. Bitte beachten Sie die folgenden Punkte der nachfolgenden Datenschutzerkl\u00e4rung (Privacy Policy). Verwendung von Informationen Sie k\u00f6nnen grunds\u00e4tzlich meine Webseiten besuchen, ohne dass Sie Angaben zu Ihrer Person machen m\u00fcssen. Einzig unpers\u00f6nliche Nutzungsdaten wie Ihre IP-Adresse, die zuletzt besuchte Seite, der verwendete Browser, Datum, Uhrzeit etc. [&hellip;]<\/p>\n","protected":false},"author":1,"featured_media":0,"parent":0,"menu_order":0,"comment_status":"closed","ping_status":"closed","template":"","meta":{"twitterCardType":"","cardImageID":0,"cardImage":"","cardTitle":"","cardDesc":"","cardImageAlt":"","cardPlayer":"","cardPlayerWidth":0,"cardPlayerHeight":0,"cardPlayerStream":"","cardPlayerCodec":"","footnotes":""},"class_list":["post-1649","page","type-page","status-publish","hentry"],"yoast_head":"<!-- This site is optimized with the Yoast SEO plugin v27.1.1 - https:\/\/yoast.com\/product\/yoast-seo-wordpress\/ -->\n<title>Datenschutzerkl\u00e4rung - BloggingTom<\/title>\n<meta name=\"robots\" content=\"index, follow, max-snippet:-1, max-image-preview:large, max-video-preview:-1\" \/>\n<link rel=\"canonical\" href=\"https:\/\/bloggingtom.ch\/blog\/datenschutz\/\" \/>\n<meta name=\"twitter:label1\" content=\"Gesch\u00e4tzte Lesezeit\" \/>\n\t<meta name=\"twitter:data1\" content=\"3\u00a0Minuten\" \/>\n<script type=\"application\/ld+json\" class=\"yoast-schema-graph\">{\"@context\":\"https:\/\/schema.org\",\"@graph\":[{\"@type\":\"WebPage\",\"@id\":\"https:\/\/bloggingtom.ch\/blog\/datenschutz\/\",\"url\":\"https:\/\/bloggingtom.ch\/blog\/datenschutz\/\",\"name\":\"Datenschutzerkl\u00e4rung - BloggingTom\",\"isPartOf\":{\"@id\":\"https:\/\/bloggingtom.ch\/blog\/#website\"},\"datePublished\":\"2007-11-10T22:26:02+00:00\",\"dateModified\":\"2011-02-04T23:23:08+00:00\",\"breadcrumb\":{\"@id\":\"https:\/\/bloggingtom.ch\/blog\/datenschutz\/#breadcrumb\"},\"inLanguage\":\"de\",\"potentialAction\":[{\"@type\":\"ReadAction\",\"target\":[\"https:\/\/bloggingtom.ch\/blog\/datenschutz\/\"]}]},{\"@type\":\"BreadcrumbList\",\"@id\":\"https:\/\/bloggingtom.ch\/blog\/datenschutz\/#breadcrumb\",\"itemListElement\":[{\"@type\":\"ListItem\",\"position\":1,\"name\":\"Home\",\"item\":\"https:\/\/bloggingtom.ch\/blog\/\"},{\"@type\":\"ListItem\",\"position\":2,\"name\":\"Datenschutzerkl\u00e4rung\"}]},{\"@type\":\"WebSite\",\"@id\":\"https:\/\/bloggingtom.ch\/blog\/#website\",\"url\":\"https:\/\/bloggingtom.ch\/blog\/\",\"name\":\"BloggingTom\",\"description\":\"Die t\u00e4glichen Abenteuer im Cyberspace...\",\"publisher\":{\"@id\":\"https:\/\/bloggingtom.ch\/blog\/#\/schema\/person\/f6c8d3d5f30c10217b69ac72723e9d1c\"},\"potentialAction\":[{\"@type\":\"SearchAction\",\"target\":{\"@type\":\"EntryPoint\",\"urlTemplate\":\"https:\/\/bloggingtom.ch\/blog\/?s={search_term_string}\"},\"query-input\":{\"@type\":\"PropertyValueSpecification\",\"valueRequired\":true,\"valueName\":\"search_term_string\"}}],\"inLanguage\":\"de\"},{\"@type\":[\"Person\",\"Organization\"],\"@id\":\"https:\/\/bloggingtom.ch\/blog\/#\/schema\/person\/f6c8d3d5f30c10217b69ac72723e9d1c\",\"name\":\"BloggingTom\",\"image\":{\"@type\":\"ImageObject\",\"inLanguage\":\"de\",\"@id\":\"https:\/\/bloggingtom.ch\/blog\/#\/schema\/person\/image\/\",\"url\":\"https:\/\/secure.gravatar.com\/avatar\/17c2b6a2966fc102465cf177587d359e4dac41adfaab355352baee5d5d46f277?s=96&d=mm&r=g\",\"contentUrl\":\"https:\/\/secure.gravatar.com\/avatar\/17c2b6a2966fc102465cf177587d359e4dac41adfaab355352baee5d5d46f277?s=96&d=mm&r=g\",\"caption\":\"BloggingTom\"},\"logo\":{\"@id\":\"https:\/\/bloggingtom.ch\/blog\/#\/schema\/person\/image\/\"},\"sameAs\":[\"http:\/\/bloggingtom.ch\"]}]}<\/script>\n<!-- \/ Yoast SEO plugin. -->","yoast_head_json":{"title":"Datenschutzerkl\u00e4rung - BloggingTom","robots":{"index":"index","follow":"follow","max-snippet":"max-snippet:-1","max-image-preview":"max-image-preview:large","max-video-preview":"max-video-preview:-1"},"canonical":"https:\/\/bloggingtom.ch\/blog\/datenschutz\/","twitter_misc":{"Gesch\u00e4tzte Lesezeit":"3\u00a0Minuten"},"schema":{"@context":"https:\/\/schema.org","@graph":[{"@type":"WebPage","@id":"https:\/\/bloggingtom.ch\/blog\/datenschutz\/","url":"https:\/\/bloggingtom.ch\/blog\/datenschutz\/","name":"Datenschutzerkl\u00e4rung - BloggingTom","isPartOf":{"@id":"https:\/\/bloggingtom.ch\/blog\/#website"},"datePublished":"2007-11-10T22:26:02+00:00","dateModified":"2011-02-04T23:23:08+00:00","breadcrumb":{"@id":"https:\/\/bloggingtom.ch\/blog\/datenschutz\/#breadcrumb"},"inLanguage":"de","potentialAction":[{"@type":"ReadAction","target":["https:\/\/bloggingtom.ch\/blog\/datenschutz\/"]}]},{"@type":"BreadcrumbList","@id":"https:\/\/bloggingtom.ch\/blog\/datenschutz\/#breadcrumb","itemListElement":[{"@type":"ListItem","position":1,"name":"Home","item":"https:\/\/bloggingtom.ch\/blog\/"},{"@type":"ListItem","position":2,"name":"Datenschutzerkl\u00e4rung"}]},{"@type":"WebSite","@id":"https:\/\/bloggingtom.ch\/blog\/#website","url":"https:\/\/bloggingtom.ch\/blog\/","name":"BloggingTom","description":"Die t\u00e4glichen Abenteuer im Cyberspace...","publisher":{"@id":"https:\/\/bloggingtom.ch\/blog\/#\/schema\/person\/f6c8d3d5f30c10217b69ac72723e9d1c"},"potentialAction":[{"@type":"SearchAction","target":{"@type":"EntryPoint","urlTemplate":"https:\/\/bloggingtom.ch\/blog\/?s={search_term_string}"},"query-input":{"@type":"PropertyValueSpecification","valueRequired":true,"valueName":"search_term_string"}}],"inLanguage":"de"},{"@type":["Person","Organization"],"@id":"https:\/\/bloggingtom.ch\/blog\/#\/schema\/person\/f6c8d3d5f30c10217b69ac72723e9d1c","name":"BloggingTom","image":{"@type":"ImageObject","inLanguage":"de","@id":"https:\/\/bloggingtom.ch\/blog\/#\/schema\/person\/image\/","url":"https:\/\/secure.gravatar.com\/avatar\/17c2b6a2966fc102465cf177587d359e4dac41adfaab355352baee5d5d46f277?s=96&d=mm&r=g","contentUrl":"https:\/\/secure.gravatar.com\/avatar\/17c2b6a2966fc102465cf177587d359e4dac41adfaab355352baee5d5d46f277?s=96&d=mm&r=g","caption":"BloggingTom"},"logo":{"@id":"https:\/\/bloggingtom.ch\/blog\/#\/schema\/person\/image\/"},"sameAs":["http:\/\/bloggingtom.ch"]}]}},"jetpack_shortlink":"https:\/\/wp.me\/Pa6Ev-qB","jetpack_likes_enabled":true,"jetpack_sharing_enabled":true,"_links":{"self":[{"href":"https:\/\/bloggingtom.ch\/blog\/wp-json\/wp\/v2\/pages\/1649","targetHints":{"allow":["GET"]}}],"collection":[{"href":"https:\/\/bloggingtom.ch\/blog\/wp-json\/wp\/v2\/pages"}],"about":[{"href":"https:\/\/bloggingtom.ch\/blog\/wp-json\/wp\/v2\/types\/page"}],"author":[{"embeddable":true,"href":"https:\/\/bloggingtom.ch\/blog\/wp-json\/wp\/v2\/users\/1"}],"replies":[{"embeddable":true,"href":"https:\/\/bloggingtom.ch\/blog\/wp-json\/wp\/v2\/comments?post=1649"}],"version-history":[{"count":2,"href":"https:\/\/bloggingtom.ch\/blog\/wp-json\/wp\/v2\/pages\/1649\/revisions"}],"predecessor-version":[{"id":2487,"href":"https:\/\/bloggingtom.ch\/blog\/wp-json\/wp\/v2\/pages\/1649\/revisions\/2487"}],"wp:attachment":[{"href":"https:\/\/bloggingtom.ch\/blog\/wp-json\/wp\/v2\/media?parent=1649"}],"curies":[{"name":"wp","href":"https:\/\/api.w.org\/{rel}","templated":true}]}}